{"id":194,"date":"2024-05-27T21:42:59","date_gmt":"2024-05-27T19:42:59","guid":{"rendered":"https:\/\/cinemaxdz.com\/?page_id=194"},"modified":"2024-05-29T16:27:49","modified_gmt":"2024-05-29T14:27:49","slug":"about","status":"publish","type":"page","link":"https:\/\/cinemaxdz.com\/en\/about\/","title":{"rendered":"about"},"content":{"rendered":"<div data-elementor-type=\"wp-page\" data-elementor-id=\"194\" class=\"elementor elementor-194\">\n\t\t\t\t<div class=\"elementor-element elementor-element-e82835d e-flex e-con-boxed e-con e-parent\" data-id=\"e82835d\" data-element_type=\"container\">\n\t\t\t\t\t<div class=\"e-con-inner\">\n\t\t\t\t<div class=\"elementor-element elementor-element-9898860 elementor-widget elementor-widget-spacer\" data-id=\"9898860\" data-element_type=\"widget\" data-widget_type=\"spacer.default\">\n\t\t\t\t<div class=\"elementor-widget-container\">\n\t\t\t<style>\/*! elementor - v3.21.0 - 26-05-2024 *\/\n.elementor-column .elementor-spacer-inner{height:var(--spacer-size)}.e-con{--container-widget-width:100%}.e-con-inner>.elementor-widget-spacer,.e-con>.elementor-widget-spacer{width:var(--container-widget-width,var(--spacer-size));--align-self:var(--container-widget-align-self,initial);--flex-shrink:0}.e-con-inner>.elementor-widget-spacer>.elementor-widget-container,.e-con>.elementor-widget-spacer>.elementor-widget-container{height:100%;width:100%}.e-con-inner>.elementor-widget-spacer>.elementor-widget-container>.elementor-spacer,.e-con>.elementor-widget-spacer>.elementor-widget-container>.elementor-spacer{height:100%}.e-con-inner>.elementor-widget-spacer>.elementor-widget-container>.elementor-spacer>.elementor-spacer-inner,.e-con>.elementor-widget-spacer>.elementor-widget-container>.elementor-spacer>.elementor-spacer-inner{height:var(--container-widget-height,var(--spacer-size))}.e-con-inner>.elementor-widget-spacer.elementor-widget-empty,.e-con>.elementor-widget-spacer.elementor-widget-empty{position:relative;min-height:22px;min-width:22px}.e-con-inner>.elementor-widget-spacer.elementor-widget-empty .elementor-widget-empty-icon,.e-con>.elementor-widget-spacer.elementor-widget-empty .elementor-widget-empty-icon{position:absolute;top:0;bottom:0;left:0;right:0;margin:auto;padding:0;width:22px;height:22px}<\/style>\t\t<div class=\"elementor-spacer\">\n\t\t\t<div class=\"elementor-spacer-inner\"><\/div>\n\t\t<\/div>\n\t\t\t\t<\/div>\n\t\t\t\t<\/div>\n\t\t\t\t\t<\/div>\n\t\t\t\t<\/div>\n\t\t<div class=\"elementor-element elementor-element-38c3c3a4 e-flex e-con-boxed e-con e-parent\" data-id=\"38c3c3a4\" data-element_type=\"container\">\n\t\t\t\t\t<div class=\"e-con-inner\">\n\t\t<div class=\"elementor-element elementor-element-4e5812c9 e-con-full e-flex e-con e-child\" data-id=\"4e5812c9\" data-element_type=\"container\">\n\t\t\t\t<div class=\"elementor-element elementor-element-58d190dc elementor-invisible elementor-widget elementor-widget-image\" data-id=\"58d190dc\" data-element_type=\"widget\" data-settings=\"{&quot;_animation&quot;:&quot;fadeInLeft&quot;}\" data-widget_type=\"image.default\">\n\t\t\t\t<div class=\"elementor-widget-container\">\n\t\t\t<style>\/*! elementor - v3.21.0 - 26-05-2024 *\/\n.elementor-widget-image{text-align:center}.elementor-widget-image a{display:inline-block}.elementor-widget-image a img[src$=\".svg\"]{width:48px}.elementor-widget-image img{vertical-align:middle;display:inline-block}<\/style>\t\t\t\t\t\t\t\t\t\t<img fetchpriority=\"high\" decoding=\"async\" width=\"640\" height=\"360\" src=\"https:\/\/cinemaxdz.com\/wp-content\/uploads\/2024\/05\/dummy_640x360_ffffff_cccccc.png\" class=\"attachment-full size-full wp-image-158\" alt=\"\" srcset=\"https:\/\/cinemaxdz.com\/wp-content\/uploads\/2024\/05\/dummy_640x360_ffffff_cccccc.png 640w, https:\/\/cinemaxdz.com\/wp-content\/uploads\/2024\/05\/dummy_640x360_ffffff_cccccc-300x169.png 300w\" sizes=\"100vw\" \/>\t\t\t\t\t\t\t\t\t\t\t\t\t<\/div>\n\t\t\t\t<\/div>\n\t\t\t\t<\/div>\n\t\t<div class=\"elementor-element elementor-element-411cb353 e-con-full e-flex e-con e-child\" data-id=\"411cb353\" data-element_type=\"container\">\n\t\t\t\t<div class=\"elementor-element elementor-element-531aa84 elementor-invisible elementor-widget elementor-widget-text-editor\" data-id=\"531aa84\" data-element_type=\"widget\" data-settings=\"{&quot;_animation&quot;:&quot;fadeInRight&quot;}\" data-widget_type=\"text-editor.default\">\n\t\t\t\t<div class=\"elementor-widget-container\">\n\t\t\t<style>\/*! elementor - v3.21.0 - 26-05-2024 *\/\n.elementor-widget-text-editor.elementor-drop-cap-view-stacked .elementor-drop-cap{background-color:#69727d;color:#fff}.elementor-widget-text-editor.elementor-drop-cap-view-framed .elementor-drop-cap{color:#69727d;border:3px solid;background-color:transparent}.elementor-widget-text-editor:not(.elementor-drop-cap-view-default) .elementor-drop-cap{margin-top:8px}.elementor-widget-text-editor:not(.elementor-drop-cap-view-default) .elementor-drop-cap-letter{width:1em;height:1em}.elementor-widget-text-editor .elementor-drop-cap{float:left;text-align:center;line-height:1;font-size:50px}.elementor-widget-text-editor .elementor-drop-cap-letter{display:inline-block}<\/style>\t\t\t\t<p>Cinemax is an international production and events company based in Algeria.<\/p><p>We specialize in worldwide content creation, directing as well as audiovisual production, particularly in the Emirates, Europe, and Asia.<\/p>\t\t\t\t\t\t<\/div>\n\t\t\t\t<\/div>\n\t\t\t\t<\/div>\n\t\t\t\t\t<\/div>\n\t\t\t\t<\/div>\n\t\t<div class=\"elementor-element elementor-element-3b49b8b e-flex e-con-boxed e-con e-parent\" data-id=\"3b49b8b\" data-element_type=\"container\">\n\t\t\t\t\t<div class=\"e-con-inner\">\n\t\t<div class=\"elementor-element elementor-element-8761b09 e-con-full e-flex e-con e-child\" data-id=\"8761b09\" data-element_type=\"container\">\n\t\t\t\t<div class=\"elementor-element elementor-element-ab13003 elementor-invisible elementor-widget elementor-widget-text-editor\" data-id=\"ab13003\" data-element_type=\"widget\" data-settings=\"{&quot;_animation&quot;:&quot;fadeInLeft&quot;}\" data-widget_type=\"text-editor.default\">\n\t\t\t\t<div class=\"elementor-widget-container\">\n\t\t\t\t\t\t\t<p>What we are looking for is to bring a fresh perspective to audiovisual and event production. Each project is a challenge, but also an opportunity to expose our teams\u2019 talents, in order to leave a mark on the world with our Creations.<\/p>\t\t\t\t\t\t<\/div>\n\t\t\t\t<\/div>\n\t\t\t\t<\/div>\n\t\t<div class=\"elementor-element elementor-element-1e0a704 e-con-full e-flex e-con e-child\" data-id=\"1e0a704\" data-element_type=\"container\">\n\t\t\t\t<div class=\"elementor-element elementor-element-b910780 elementor-invisible elementor-widget elementor-widget-image\" data-id=\"b910780\" data-element_type=\"widget\" data-settings=\"{&quot;_animation&quot;:&quot;fadeInRight&quot;}\" data-widget_type=\"image.default\">\n\t\t\t\t<div class=\"elementor-widget-container\">\n\t\t\t\t\t\t\t\t\t\t\t\t\t<img fetchpriority=\"high\" decoding=\"async\" width=\"640\" height=\"360\" src=\"https:\/\/cinemaxdz.com\/wp-content\/uploads\/2024\/05\/dummy_640x360_ffffff_cccccc.png\" class=\"attachment-full size-full wp-image-158\" alt=\"\" srcset=\"https:\/\/cinemaxdz.com\/wp-content\/uploads\/2024\/05\/dummy_640x360_ffffff_cccccc.png 640w, https:\/\/cinemaxdz.com\/wp-content\/uploads\/2024\/05\/dummy_640x360_ffffff_cccccc-300x169.png 300w\" sizes=\"100vw\" \/>\t\t\t\t\t\t\t\t\t\t\t\t\t<\/div>\n\t\t\t\t<\/div>\n\t\t\t\t<\/div>\n\t\t\t\t\t<\/div>\n\t\t\t\t<\/div>\n\t\t<div class=\"elementor-element elementor-element-1672ace e-flex e-con-boxed e-con e-parent\" data-id=\"1672ace\" data-element_type=\"container\">\n\t\t\t\t\t<div class=\"e-con-inner\">\n\t\t<div class=\"elementor-element elementor-element-b3f966d e-con-full e-flex e-con e-child\" data-id=\"b3f966d\" data-element_type=\"container\">\n\t\t\t\t<div class=\"elementor-element elementor-element-4f16a7d elementor-invisible elementor-widget elementor-widget-image\" data-id=\"4f16a7d\" data-element_type=\"widget\" data-settings=\"{&quot;_animation&quot;:&quot;fadeInLeft&quot;}\" data-widget_type=\"image.default\">\n\t\t\t\t<div class=\"elementor-widget-container\">\n\t\t\t\t\t\t\t\t\t\t\t\t\t<img fetchpriority=\"high\" decoding=\"async\" width=\"640\" height=\"360\" src=\"https:\/\/cinemaxdz.com\/wp-content\/uploads\/2024\/05\/dummy_640x360_ffffff_cccccc.png\" class=\"attachment-full size-full wp-image-158\" alt=\"\" srcset=\"https:\/\/cinemaxdz.com\/wp-content\/uploads\/2024\/05\/dummy_640x360_ffffff_cccccc.png 640w, https:\/\/cinemaxdz.com\/wp-content\/uploads\/2024\/05\/dummy_640x360_ffffff_cccccc-300x169.png 300w\" sizes=\"100vw\" \/>\t\t\t\t\t\t\t\t\t\t\t\t\t<\/div>\n\t\t\t\t<\/div>\n\t\t\t\t<\/div>\n\t\t<div class=\"elementor-element elementor-element-823970f e-con-full e-flex e-con e-child\" data-id=\"823970f\" data-element_type=\"container\">\n\t\t\t\t<div class=\"elementor-element elementor-element-bec008e elementor-invisible elementor-widget elementor-widget-text-editor\" data-id=\"bec008e\" data-element_type=\"widget\" data-settings=\"{&quot;_animation&quot;:&quot;fadeInRight&quot;}\" data-widget_type=\"text-editor.default\">\n\t\t\t\t<div class=\"elementor-widget-container\">\n\t\t\t\t\t\t\t<p>We offer a Premium rendering with a large catalog of internal materials which allow us to create breathtaking productions, well mastered and which give a unique rendering of its kind.\nWhat we are looking for is to bring a fresh perspective to audiovisual and event production. Each project is a challenge, but also an opportunity to expose our teams\u2019 talents, in order to leave a mark on the world with our Creations.<\/p>\t\t\t\t\t\t<\/div>\n\t\t\t\t<\/div>\n\t\t\t\t<\/div>\n\t\t\t\t\t<\/div>\n\t\t\t\t<\/div>\n\t\t<div class=\"elementor-element elementor-element-f796b13 e-flex e-con-boxed e-con e-parent\" data-id=\"f796b13\" data-element_type=\"container\">\n\t\t\t\t\t<div class=\"e-con-inner\">\n\t\t\t\t<div class=\"elementor-element elementor-element-9f77b16 elementor-widget elementor-widget-spacer\" data-id=\"9f77b16\" data-element_type=\"widget\" data-widget_type=\"spacer.default\">\n\t\t\t\t<div class=\"elementor-widget-container\">\n\t\t\t\t\t<div class=\"elementor-spacer\">\n\t\t\t<div class=\"elementor-spacer-inner\"><\/div>\n\t\t<\/div>\n\t\t\t\t<\/div>\n\t\t\t\t<\/div>\n\t\t\t\t\t<\/div>\n\t\t\t\t<\/div>\n\t\t<div class=\"elementor-element elementor-element-a5535fa e-flex e-con-boxed e-con e-parent\" data-id=\"a5535fa\" data-element_type=\"container\" data-settings=\"{&quot;background_background&quot;:&quot;slideshow&quot;,&quot;background_slideshow_gallery&quot;:[],&quot;background_slideshow_loop&quot;:&quot;yes&quot;,&quot;background_slideshow_slide_duration&quot;:5000,&quot;background_slideshow_slide_transition&quot;:&quot;fade&quot;,&quot;background_slideshow_transition_duration&quot;:500}\">\n\t\t\t\t\t<div class=\"e-con-inner\">\n\t\t<div class=\"elementor-element elementor-element-157b9c8 e-flex e-con-boxed elementor-invisible e-con e-child\" data-id=\"157b9c8\" data-element_type=\"container\" data-settings=\"{&quot;background_background&quot;:&quot;slideshow&quot;,&quot;background_slideshow_gallery&quot;:[{&quot;id&quot;:242,&quot;url&quot;:&quot;https:\\\/\\\/cinemaxdz.com\\\/wp-content\\\/uploads\\\/2024\\\/05\\\/dummy_1280x360_ffffff_cccccc.png&quot;}],&quot;animation&quot;:&quot;fadeInUp&quot;,&quot;background_slideshow_loop&quot;:&quot;yes&quot;,&quot;background_slideshow_slide_duration&quot;:5000,&quot;background_slideshow_slide_transition&quot;:&quot;fade&quot;,&quot;background_slideshow_transition_duration&quot;:500}\">\n\t\t\t\t\t<div class=\"e-con-inner\">\n\t\t\t\t<div class=\"elementor-element elementor-element-342d1d8 elementor-align-center elementor-widget elementor-widget-button\" data-id=\"342d1d8\" data-element_type=\"widget\" data-widget_type=\"button.default\">\n\t\t\t\t<div class=\"elementor-widget-container\">\n\t\t\t\t\t<div class=\"elementor-button-wrapper\">\n\t\t\t<a class=\"elementor-button elementor-button-link elementor-size-sm elementor-animation-pulse\" href=\"https:\/\/cinemaxdz.com\/en\/contact\/\">\n\t\t\t\t\t\t<span class=\"elementor-button-content-wrapper\">\n\t\t\t\t\t\t\t\t\t<span class=\"elementor-button-text\">Contactez-nous<\/span>\n\t\t\t\t\t<\/span>\n\t\t\t\t\t<\/a>\n\t\t<\/div>\n\t\t\t\t<\/div>\n\t\t\t\t<\/div>\n\t\t\t\t\t<\/div>\n\t\t\t\t<\/div>\n\t\t\t\t\t<\/div>\n\t\t\t\t<\/div>\n\t\t\t\t<\/div>","protected":false},"excerpt":{"rendered":"<p>Cinemax est une bo\u00eete de production et d&rsquo;\u00e9v\u00e8nementiel internationale bas\u00e9e en Alg\u00e9rie. Nous sommes sp\u00e9cialis\u00e9s dans la cr\u00e9ation de contenu, la r\u00e9alisation ainsi que la production audiovisuelle \u00e0 l\u2019\u00e9chelle internationale, notamment dans les \u00c9mirats arabes unis, en Europe ainsi qu&rsquo;en Asie. Nous offrons un rendu pr\u00e9mium avec un large catalogue de mat\u00e9riel interne qui nous &hellip; <\/p>\n<p class=\"link-more\"><a href=\"https:\/\/cinemaxdz.com\/en\/about\/\" class=\"more-link\">Continue reading<span class=\"screen-reader-text\"> \u00ab\u00a0about\u00a0\u00bb<\/span><\/a><\/p>","protected":false},"author":1,"featured_media":0,"parent":0,"menu_order":0,"comment_status":"closed","ping_status":"closed","template":"elementor_canvas","meta":{"footnotes":""},"class_list":["post-194","page","type-page","status-publish","hentry"],"_links":{"self":[{"href":"https:\/\/cinemaxdz.com\/en\/wp-json\/wp\/v2\/pages\/194","targetHints":{"allow":["GET"]}}],"collection":[{"href":"https:\/\/cinemaxdz.com\/en\/wp-json\/wp\/v2\/pages"}],"about":[{"href":"https:\/\/cinemaxdz.com\/en\/wp-json\/wp\/v2\/types\/page"}],"author":[{"embeddable":true,"href":"https:\/\/cinemaxdz.com\/en\/wp-json\/wp\/v2\/users\/1"}],"replies":[{"embeddable":true,"href":"https:\/\/cinemaxdz.com\/en\/wp-json\/wp\/v2\/comments?post=194"}],"version-history":[{"count":34,"href":"https:\/\/cinemaxdz.com\/en\/wp-json\/wp\/v2\/pages\/194\/revisions"}],"predecessor-version":[{"id":907,"href":"https:\/\/cinemaxdz.com\/en\/wp-json\/wp\/v2\/pages\/194\/revisions\/907"}],"wp:attachment":[{"href":"https:\/\/cinemaxdz.com\/en\/wp-json\/wp\/v2\/media?parent=194"}],"curies":[{"name":"wp","href":"https:\/\/api.w.org\/{rel}","templated":true}]}}